{"id":16,"date":"2024-02-18T10:25:07","date_gmt":"2024-02-18T09:25:07","guid":{"rendered":"http:\/\/localhost\/wordpress\/?page_id=16"},"modified":"2024-02-18T10:25:07","modified_gmt":"2024-02-18T09:25:07","slug":"qui-sommes-nous","status":"publish","type":"page","link":"https:\/\/consulting-gb.fr\/index.php\/qui-sommes-nous\/","title":{"rendered":"Qui sommes nous?"},"content":{"rendered":"\n<p><strong>GB CONSULTING est un cabinet de recrutement de cadres dirigeants, cadres et employ\u00e9s. Son si\u00e8ge est situ\u00e9 \u00e0\u00a0CHILLY-MAZARIN. GB CONSULTING est cr\u00e9er pour r\u00e9pondre\u00a0durablement aux besoins des entreprises confront\u00e9es \u00e0 des probl\u00e9matiques d\u2019emploi des secteurs en tension et de comp\u00e9tences p\u00e9nuriques.<br>Notre \u00e9quipe est exp\u00e9riment\u00e9e\u00a0: nous int\u00e9grons un p\u00f4le de recrutement pour effectuer le \u00ab\u00a0sourcing\u00a0\u00bb de comp\u00e9tences p\u00e9nuriques en France comme \u00e0 l\u2019\u00e9tranger<\/strong><\/p>\n\n\n\n<p><\/p>\n\n\n\n<h1 class=\"wp-block-heading alignwide has-text-align-center\" id=\"we-re-a-studio-in-berlin-with-an-international-practice-in-architecture-urban-planning-and-interior-design-we-believe-in-sharing-knowledge-and-promoting-dialogue-to-increase-the-creative-potential-of-collaboration\" style=\"font-size:48px;line-height:1.1\"><strong>Pourquoi faire appel \u00e0 nous ?<\/strong><\/h1>\n\n\n\n<p class=\"has-text-align-left\"><strong>GB CONSULTING <\/strong><strong>a toutes les comp\u00e9tences dont vous avez besoin et a d\u00e9velopp\u00e9 des r\u00e9seaux pour recruter les collaborateurs dont vous r\u00eavez. Gr\u00e2ce \u00e0 notre travail de fond, vous \u00eates certain d\u2019obtenir les meilleurs profils du march\u00e9.<\/strong><\/p>\n\n\n\n<p class=\"has-text-align-left\"><strong>Nous connaissons tr\u00e8s bien <\/strong><strong>nos partenaires, la relation de confiance facilite la circulation de l\u2019information et acc\u00e9l\u00e8re la recherche des candidats. Nous savons sur quels leviers agir pour trouver les bons profils. Et lorsque les solutions n\u2019existent pas, nous inventons les outils.<\/strong><\/p>\n\n\n\n<p class=\"has-text-align-left\"><strong>Nous simplifions vos d\u00e9marches<\/strong><strong>. Nous sommes votre porte d\u2019entr\u00e9e sur un vaste r\u00e9seau national et international. Par notre interm\u00e9diaire, vous b\u00e9n\u00e9ficiez d\u2019une large palette d\u2019outils de sourcing et de recrutement<\/strong><\/p>\n","protected":false},"excerpt":{"rendered":"<p>GB CONSULTING est un cabinet de recrutement de cadres dirigeants, cadres et employ\u00e9s. Son si\u00e8ge est situ\u00e9 \u00e0\u00a0CHILLY-MAZARIN. GB CONSULTING est cr\u00e9er pour r\u00e9pondre\u00a0durablement aux besoins des entreprises confront\u00e9es \u00e0 des probl\u00e9matiques d\u2019emploi des secteurs en tension et de comp\u00e9tences p\u00e9nuriques.Notre \u00e9quipe est exp\u00e9riment\u00e9e\u00a0: nous int\u00e9grons un p\u00f4le de recrutement pour effectuer le \u00ab\u00a0sourcing\u00a0\u00bb de [&hellip;]<\/p>\n","protected":false},"author":1,"featured_media":0,"parent":0,"menu_order":0,"comment_status":"closed","ping_status":"closed","template":"","meta":{"footnotes":""},"_links":{"self":[{"href":"https:\/\/consulting-gb.fr\/index.php\/wp-json\/wp\/v2\/pages\/16"}],"collection":[{"href":"https:\/\/consulting-gb.fr\/index.php\/wp-json\/wp\/v2\/pages"}],"about":[{"href":"https:\/\/consulting-gb.fr\/index.php\/wp-json\/wp\/v2\/types\/page"}],"author":[{"embeddable":true,"href":"https:\/\/consulting-gb.fr\/index.php\/wp-json\/wp\/v2\/users\/1"}],"replies":[{"embeddable":true,"href":"https:\/\/consulting-gb.fr\/index.php\/wp-json\/wp\/v2\/comments?post=16"}],"version-history":[{"count":0,"href":"https:\/\/consulting-gb.fr\/index.php\/wp-json\/wp\/v2\/pages\/16\/revisions"}],"wp:attachment":[{"href":"https:\/\/consulting-gb.fr\/index.php\/wp-json\/wp\/v2\/media?parent=16"}],"curies":[{"name":"wp","href":"https:\/\/api.w.org\/{rel}","templated":true}]}}