{"id":12,"date":"2024-02-18T10:07:58","date_gmt":"2024-02-18T09:07:58","guid":{"rendered":"http:\/\/localhost\/wordpress\/?page_id=12"},"modified":"2024-04-04T16:32:03","modified_gmt":"2024-04-04T14:32:03","slug":"gb-consulting","status":"publish","type":"page","link":"https:\/\/consulting-gb.fr\/index.php\/gb-consulting\/","title":{"rendered":"GB consulting"},"content":{"rendered":"\n<p><\/p>\n\n\n\n<div class=\"wp-block-group alignfull\" style=\"padding-top:var(--wp--preset--spacing--50);padding-right:var(--wp--preset--spacing--50);padding-bottom:var(--wp--preset--spacing--50);padding-left:var(--wp--preset--spacing--50)\"><div class=\"wp-block-group__inner-container is-layout-constrained wp-block-group-is-layout-constrained\">\n<div class=\"wp-block-group\"><div class=\"wp-block-group__inner-container is-layout-constrained wp-container-core-group-is-layout-1 wp-block-group-is-layout-constrained\">\n<h1 class=\"wp-block-heading has-text-align-center has-x-large-font-size\">Un engagement en faveur de la qualit\u00e9 et de la durabilit\u00e9<\/h1>\n\n\n\n<div style=\"height:1.25rem\" aria-hidden=\"true\" class=\"wp-block-spacer\"><\/div>\n\n\n\n<p><strong>GB CONSULTING<\/strong>, votre cabinet de recrutement qui trouve des solutions durables.Vous devez trouver des salari\u00e9s pour<strong> <\/strong>des<strong>&nbsp;<\/strong>m\u00e9tiers <strong>p\u00e9nuriques*<\/strong> ou en <strong>tension*, <\/strong>qui seront rapidement op\u00e9rationnels<\/p>\n\n\n\n<div style=\"height:29px\" aria-hidden=\"true\" class=\"wp-block-spacer\"><\/div>\n\n\n\n<div style=\"height:21px\" aria-hidden=\"true\" class=\"wp-block-spacer\"><\/div>\n<\/div><\/div>\n\n\n\n<p>Faites-nous confiance<strong>. En tant que&nbsp;<\/strong>cabinet de recrutemen<strong>t, l\u2019\u00e9tude des probl\u00e9matiques et la cr\u00e9ation de solutions sur mesure est notre sp\u00e9cialit\u00e9.<\/strong><\/p>\n\n\n\n<p><strong>* M\u00e9tiers P\u00e9nuriques : <\/strong>les employeurs ne trouvent pas de comp\u00e9tences disponibles car il n\u2019existe pas ou peu de formations ad\u00e9quates en France.<\/p>\n\n\n\n<p><strong>* M\u00e9tiers en tension : <\/strong>l\u2019\u00e9cart entre l\u2019offre et la demande d\u2019emploi est faible.<\/p>\n\n\n\n<h3 class=\"wp-block-heading\">Nos valeurs<\/h3>\n\n\n\n<ul>\n<li><strong>Cr\u00e9ativit\u00e9 et Innovation<\/strong><br>&nbsp;Ce n\u2019est pas en faisant ce que tout le monde fait que nous trouverons des solutions \u00e0 vos besoins de comp\u00e9tences p\u00e9nuriques ou en tension. Notre sp\u00e9cialisation nous oblige \u00e0 cr\u00e9er et inventer sans cesse de nouveaux outils innovants pour vous trouver les bons profils.<\/li>\n\n\n\n<li><strong>Ambition et Empathie<\/strong><br>&nbsp;Par empathie, nous avons l\u2019ambition de r\u00e9ussir pour nos clients. Par empathie, nous avons l\u2019ambition de prot\u00e9ger nos salari\u00e9s.<\/li>\n\n\n\n<li><strong>Assertivit\u00e9 et Proximit\u00e9<\/strong><br>&nbsp;Salari\u00e9s, clients nous sommes proches de vous \u00e0 tel point que dans notre agence nous vous consid\u00e9rons comme des partenaires que nous respectons pour ce que vous \u00eates. Notre relation s\u2019inscrit dans une d\u00e9marche positive pour que chacun soit gagnant.<\/li>\n<\/ul>\n<\/div><\/div>\n\n\n\n<div class=\"wp-block-group alignfull has-base-2-background-color has-background\" style=\"margin-top:0;margin-bottom:0;padding-top:var(--wp--preset--spacing--50);padding-right:var(--wp--preset--spacing--50);padding-bottom:var(--wp--preset--spacing--50);padding-left:var(--wp--preset--spacing--50)\"><div class=\"wp-block-group__inner-container is-layout-constrained wp-block-group-is-layout-constrained\">\n<div class=\"wp-block-group is-vertical is-content-justification-center is-layout-flex wp-container-core-group-is-layout-3 wp-block-group-is-layout-flex\">\n<h2 class=\"wp-block-heading has-text-align-center is-style-asterisk\">Nos sp\u00e9cialisations<\/h2>\n\n\n\n<div style=\"height:0px\" aria-hidden=\"true\" class=\"wp-block-spacer wp-container-content-1\"><\/div>\n\n\n\n<p class=\"has-text-align-center\">Notre gamme compl\u00e8te de services professionnels s\u2019adresse \u00e0 une client\u00e8le diversifi\u00e9e<\/p>\n<\/div>\n\n\n\n<div style=\"margin-top:0;margin-bottom:0;height:var(--wp--preset--spacing--40)\" aria-hidden=\"true\" class=\"wp-block-spacer\"><\/div>\n\n\n\n<div class=\"wp-block-columns alignwide is-layout-flex wp-container-core-columns-is-layout-1 wp-block-columns-is-layout-flex\">\n<div class=\"wp-block-column is-layout-flow wp-block-column-is-layout-flow\">\n<h3 class=\"wp-block-heading has-text-align-left is-style-asterisk has-body-font-family has-medium-font-size\" style=\"font-style:normal;font-weight:600\">A\u00e9ronautique<\/h3>\n\n\n\n<figure class=\"wp-block-image size-full is-style-default\"><img loading=\"lazy\" decoding=\"async\" width=\"474\" height=\"315\" src=\"http:\/\/consulting-gb.fr\/wp-content\/uploads\/2024\/03\/aero-1.jpg\" alt=\"\" class=\"wp-image-263\" style=\"aspect-ratio:4\/3;object-fit:cover\" srcset=\"https:\/\/consulting-gb.fr\/wp-content\/uploads\/2024\/03\/aero-1.jpg 474w, https:\/\/consulting-gb.fr\/wp-content\/uploads\/2024\/03\/aero-1-300x199.jpg 300w\" sizes=\"(max-width: 474px) 100vw, 474px\" \/><\/figure>\n<\/div>\n\n\n\n<div class=\"wp-block-column is-layout-flow wp-block-column-is-layout-flow\">\n<h3 class=\"wp-block-heading has-text-align-left is-style-asterisk has-body-font-family has-medium-font-size\" style=\"font-style:normal;font-weight:600\">Nautisme<\/h3>\n\n\n\n<figure class=\"wp-block-image size-large is-resized\"><img loading=\"lazy\" decoding=\"async\" width=\"1024\" height=\"689\" src=\"http:\/\/consulting-gb.fr\/wp-content\/uploads\/2024\/03\/CSM-formations-nautisme-1-1024x689.jpg\" alt=\"\" class=\"wp-image-258\" style=\"aspect-ratio:1.3333333333333333;object-fit:cover;width:352px;height:auto\" srcset=\"https:\/\/consulting-gb.fr\/wp-content\/uploads\/2024\/03\/CSM-formations-nautisme-1-1024x689.jpg 1024w, https:\/\/consulting-gb.fr\/wp-content\/uploads\/2024\/03\/CSM-formations-nautisme-1-300x202.jpg 300w, https:\/\/consulting-gb.fr\/wp-content\/uploads\/2024\/03\/CSM-formations-nautisme-1-768x516.jpg 768w, https:\/\/consulting-gb.fr\/wp-content\/uploads\/2024\/03\/CSM-formations-nautisme-1.jpg 1111w\" sizes=\"(max-width: 1024px) 100vw, 1024px\" \/><\/figure>\n<\/div>\n\n\n\n<div class=\"wp-block-column is-layout-flow wp-block-column-is-layout-flow\">\n<h3 class=\"wp-block-heading has-text-align-left is-style-asterisk has-body-font-family has-medium-font-size\" style=\"font-style:normal;font-weight:600\">Industrie<\/h3>\n\n\n\n<figure class=\"wp-block-image size-full is-resized\"><img loading=\"lazy\" decoding=\"async\" width=\"474\" height=\"277\" src=\"http:\/\/consulting-gb.fr\/wp-content\/uploads\/2024\/03\/industriel-1.jpg\" alt=\"\" class=\"wp-image-260\" style=\"aspect-ratio:1.3333333333333333;object-fit:cover;width:359px;height:auto\" srcset=\"https:\/\/consulting-gb.fr\/wp-content\/uploads\/2024\/03\/industriel-1.jpg 474w, https:\/\/consulting-gb.fr\/wp-content\/uploads\/2024\/03\/industriel-1-300x175.jpg 300w\" sizes=\"(max-width: 474px) 100vw, 474px\" \/><\/figure>\n<\/div>\n<\/div>\n\n\n\n<div style=\"height:var(--wp--preset--spacing--20)\" aria-hidden=\"true\" class=\"wp-block-spacer\"><\/div>\n\n\n\n<div class=\"wp-block-columns alignwide is-layout-flex wp-container-core-columns-is-layout-2 wp-block-columns-is-layout-flex\">\n<div class=\"wp-block-column is-layout-flow wp-block-column-is-layout-flow\">\n<h3 class=\"wp-block-heading has-text-align-left is-style-asterisk has-body-font-family has-medium-font-size\" style=\"font-style:normal;font-weight:600\">Informatique<\/h3>\n\n\n\n<figure class=\"wp-block-gallery alignfull has-nested-images columns-default is-cropped wp-block-gallery-2 is-layout-flex wp-block-gallery-is-layout-flex\">\n<figure class=\"wp-block-image size-medium is-style-default\"><img loading=\"lazy\" decoding=\"async\" width=\"300\" height=\"189\" src=\"http:\/\/consulting-gb.fr\/wp-content\/uploads\/2024\/03\/sciences-maths-informatique_img-vign-domaine_542x342-2-300x189.png\" alt=\"\" class=\"wp-image-256\" srcset=\"https:\/\/consulting-gb.fr\/wp-content\/uploads\/2024\/03\/sciences-maths-informatique_img-vign-domaine_542x342-2-300x189.png 300w, https:\/\/consulting-gb.fr\/wp-content\/uploads\/2024\/03\/sciences-maths-informatique_img-vign-domaine_542x342-2.png 542w\" sizes=\"(max-width: 300px) 100vw, 300px\" \/><\/figure>\n<\/figure>\n<\/div>\n\n\n\n<div class=\"wp-block-column is-layout-flow wp-block-column-is-layout-flow\">\n<h3 class=\"wp-block-heading has-text-align-left is-style-asterisk has-body-font-family has-medium-font-size\" style=\"font-style:normal;font-weight:600\">Textile<\/h3>\n\n\n\n<figure class=\"wp-block-gallery alignfull has-nested-images columns-default is-cropped wp-block-gallery-3 is-layout-flex wp-block-gallery-is-layout-flex\">\n<figure class=\"wp-block-image size-full\"><img loading=\"lazy\" decoding=\"async\" width=\"474\" height=\"314\" src=\"http:\/\/consulting-gb.fr\/wp-content\/uploads\/2024\/03\/textile-2.jpg\" alt=\"\" class=\"wp-image-259\" srcset=\"https:\/\/consulting-gb.fr\/wp-content\/uploads\/2024\/03\/textile-2.jpg 474w, https:\/\/consulting-gb.fr\/wp-content\/uploads\/2024\/03\/textile-2-300x199.jpg 300w\" sizes=\"(max-width: 474px) 100vw, 474px\" \/><\/figure>\n<\/figure>\n<\/div>\n\n\n\n<div class=\"wp-block-column is-layout-flow wp-block-column-is-layout-flow\">\n<h3 class=\"wp-block-heading has-text-align-left is-style-asterisk has-body-font-family has-medium-font-size\" style=\"font-style:normal;font-weight:600\">Batiment industriel<\/h3>\n\n\n\n<figure class=\"wp-block-gallery alignfull has-nested-images columns-default is-cropped wp-block-gallery-4 is-layout-flex wp-block-gallery-is-layout-flex\">\n<figure class=\"wp-block-image size-full\"><img loading=\"lazy\" decoding=\"async\" width=\"474\" height=\"316\" src=\"http:\/\/consulting-gb.fr\/wp-content\/uploads\/2024\/03\/batiment-1.jpg\" alt=\"\" class=\"wp-image-262\" srcset=\"https:\/\/consulting-gb.fr\/wp-content\/uploads\/2024\/03\/batiment-1.jpg 474w, https:\/\/consulting-gb.fr\/wp-content\/uploads\/2024\/03\/batiment-1-300x200.jpg 300w\" sizes=\"(max-width: 474px) 100vw, 474px\" \/><\/figure>\n<\/figure>\n<\/div>\n<\/div>\n\n\n\n<div class=\"wp-block-columns alignwide is-layout-flex wp-container-core-columns-is-layout-3 wp-block-columns-is-layout-flex\">\n<div class=\"wp-block-column is-layout-flow wp-block-column-is-layout-flow\">\n<h3 class=\"wp-block-heading has-text-align-left is-style-asterisk has-body-font-family has-medium-font-size\" style=\"font-style:normal;font-weight:600\">Transport<\/h3>\n\n\n\n<figure class=\"wp-block-image size-full is-resized\"><img loading=\"lazy\" decoding=\"async\" width=\"1000\" height=\"667\" src=\"http:\/\/consulting-gb.fr\/wp-content\/uploads\/2024\/03\/transport-1.png\" alt=\"\" class=\"wp-image-254\" style=\"aspect-ratio:4\/3;object-fit:cover;width:387px;height:auto\" srcset=\"https:\/\/consulting-gb.fr\/wp-content\/uploads\/2024\/03\/transport-1.png 1000w, https:\/\/consulting-gb.fr\/wp-content\/uploads\/2024\/03\/transport-1-300x200.png 300w, https:\/\/consulting-gb.fr\/wp-content\/uploads\/2024\/03\/transport-1-768x512.png 768w\" sizes=\"(max-width: 1000px) 100vw, 1000px\" \/><\/figure>\n<\/div>\n<\/div>\n\n\n\n<div class=\"wp-block-columns is-layout-flex wp-container-core-columns-is-layout-4 wp-block-columns-is-layout-flex\">\n<div class=\"wp-block-column is-vertically-aligned-top is-layout-flow wp-block-column-is-layout-flow\"><\/div>\n<\/div>\n<\/div><\/div>\n\n\n\n<div class=\"wp-block-columns alignwide is-layout-flex wp-container-core-columns-is-layout-5 wp-block-columns-is-layout-flex\">\n<div class=\"wp-block-column is-layout-flow wp-block-column-is-layout-flow\"><\/div>\n\n\n\n<div class=\"wp-block-column is-layout-flow wp-block-column-is-layout-flow\"><\/div>\n<\/div>\n\n\n\n<div class=\"wp-block-group alignfull\" style=\"margin-top:0;margin-bottom:0;padding-top:var(--wp--preset--spacing--50);padding-right:var(--wp--preset--spacing--50);padding-bottom:var(--wp--preset--spacing--50);padding-left:var(--wp--preset--spacing--50)\"><div class=\"wp-block-group__inner-container is-layout-constrained wp-block-group-is-layout-constrained\">\n<div class=\"wp-block-group alignwide\"><div class=\"wp-block-group__inner-container is-layout-constrained wp-block-group-is-layout-constrained\">\n<div class=\"wp-block-group is-vertical is-content-justification-center is-layout-flex wp-container-core-group-is-layout-5 wp-block-group-is-layout-flex\">\n<h2 class=\"wp-block-heading has-text-align-center is-style-asterisk\">Notre zone d&rsquo;activit\u00e9<\/h2>\n\n\n\n<p><strong>Un Monde de Talents \u00e0 Votre Port\u00e9e :<\/strong> Tirez parti de notre r\u00e9seau international pour trouver les meilleurs talents et les services RH adapt\u00e9s \u00e0 vos besoins, partout dans le monde.<\/p>\n\n\n\n<figure class=\"wp-block-image size-full is-resized\"><img loading=\"lazy\" decoding=\"async\" width=\"462\" height=\"540\" src=\"http:\/\/consulting-gb.fr\/wp-content\/uploads\/2024\/03\/IMG-20240318-WA0016-removebg-preview-1.png\" alt=\"\" class=\"wp-image-255\" style=\"width:560px;height:auto\" srcset=\"https:\/\/consulting-gb.fr\/wp-content\/uploads\/2024\/03\/IMG-20240318-WA0016-removebg-preview-1.png 462w, https:\/\/consulting-gb.fr\/wp-content\/uploads\/2024\/03\/IMG-20240318-WA0016-removebg-preview-1-257x300.png 257w\" sizes=\"(max-width: 462px) 100vw, 462px\" \/><\/figure>\n<\/div>\n\n\n\n<div class=\"wp-block-columns alignwide is-layout-flex wp-container-core-columns-is-layout-6 wp-block-columns-is-layout-flex\">\n<div class=\"wp-block-column is-layout-flow wp-block-column-is-layout-flow\" style=\"flex-basis:50%\"><\/div>\n<\/div>\n\n\n\n<div style=\"height:var(--wp--preset--spacing--40)\" aria-hidden=\"true\" class=\"wp-block-spacer\"><\/div>\n\n\n\n<div class=\"wp-block-columns alignwide is-layout-flex wp-container-core-columns-is-layout-7 wp-block-columns-is-layout-flex\"><\/div>\n<\/div><\/div>\n<\/div><\/div>\n\n\n\n<div class=\"wp-block-group alignfull\" style=\"margin-top:0;margin-bottom:0;padding-top:var(--wp--preset--spacing--50);padding-right:var(--wp--preset--spacing--50);padding-bottom:var(--wp--preset--spacing--50);padding-left:var(--wp--preset--spacing--50)\"><div class=\"wp-block-group__inner-container is-layout-constrained wp-block-group-is-layout-constrained\"><\/div><\/div>\n","protected":false},"excerpt":{"rendered":"<p>Un engagement en faveur de la qualit\u00e9 et de la durabilit\u00e9 GB CONSULTING, votre cabinet de recrutement qui trouve des solutions durables.Vous devez trouver des salari\u00e9s pour des&nbsp;m\u00e9tiers p\u00e9nuriques* ou en tension*, qui seront rapidement op\u00e9rationnels Faites-nous confiance. En tant que&nbsp;cabinet de recrutement, l\u2019\u00e9tude des probl\u00e9matiques et la cr\u00e9ation de solutions sur mesure est notre [&hellip;]<\/p>\n","protected":false},"author":1,"featured_media":0,"parent":0,"menu_order":0,"comment_status":"closed","ping_status":"closed","template":"","meta":{"footnotes":""},"_links":{"self":[{"href":"https:\/\/consulting-gb.fr\/index.php\/wp-json\/wp\/v2\/pages\/12"}],"collection":[{"href":"https:\/\/consulting-gb.fr\/index.php\/wp-json\/wp\/v2\/pages"}],"about":[{"href":"https:\/\/consulting-gb.fr\/index.php\/wp-json\/wp\/v2\/types\/page"}],"author":[{"embeddable":true,"href":"https:\/\/consulting-gb.fr\/index.php\/wp-json\/wp\/v2\/users\/1"}],"replies":[{"embeddable":true,"href":"https:\/\/consulting-gb.fr\/index.php\/wp-json\/wp\/v2\/comments?post=12"}],"version-history":[{"count":2,"href":"https:\/\/consulting-gb.fr\/index.php\/wp-json\/wp\/v2\/pages\/12\/revisions"}],"predecessor-version":[{"id":266,"href":"https:\/\/consulting-gb.fr\/index.php\/wp-json\/wp\/v2\/pages\/12\/revisions\/266"}],"wp:attachment":[{"href":"https:\/\/consulting-gb.fr\/index.php\/wp-json\/wp\/v2\/media?parent=12"}],"curies":[{"name":"wp","href":"https:\/\/api.w.org\/{rel}","templated":true}]}}